{"id":35,"date":"2023-02-25T17:51:52","date_gmt":"2023-02-25T17:51:52","guid":{"rendered":"https:\/\/dinkrop.dk\/?page_id=35"},"modified":"2026-01-11T14:35:03","modified_gmt":"2026-01-11T13:35:03","slug":"behandling","status":"publish","type":"page","link":"https:\/\/dinkrop.dk\/en\/behandling\/","title":{"rendered":"Treatments"},"content":{"rendered":"<p>Din Krop in Aarhus offers treatments in craniosacral therapy, organ massage, dynamic facial therapy, formative embodiment and craniosacral therapy for children and newborns.<\/p>\n\n\n\n<p>Some symptoms can be alleviated by several different therapies.&nbsp;<\/p>\n\n\n\n<p>See below or click on one of the treatments for more information.&nbsp;<\/p>","protected":false},"excerpt":{"rendered":"<p>Din Krop i \u00c5rhus tilbyder\u00a0behandlinger inden for kraniosakralterapi, organmassage, dynamisk ansigtsterapi, formative embodiment og kraniosakralterapi til b\u00f8rn og nyf\u00f8dte. Nogle&nbsp;symptomer kan afhj\u00e6lpes af flere forskellige&nbsp;behandslingsformer.&nbsp; Se nedenst\u00e5ende eller tryk p\u00e5 en af behandlingerne for mere information.&nbsp;<\/p>","protected":false},"author":1,"featured_media":0,"parent":0,"menu_order":0,"comment_status":"closed","ping_status":"closed","template":"","meta":{"_acf_changed":false,"footnotes":""},"class_list":["post-35","page","type-page","status-publish","hentry"],"acf":[],"_links":{"self":[{"href":"https:\/\/dinkrop.dk\/en\/wp-json\/wp\/v2\/pages\/35","targetHints":{"allow":["GET"]}}],"collection":[{"href":"https:\/\/dinkrop.dk\/en\/wp-json\/wp\/v2\/pages"}],"about":[{"href":"https:\/\/dinkrop.dk\/en\/wp-json\/wp\/v2\/types\/page"}],"author":[{"embeddable":true,"href":"https:\/\/dinkrop.dk\/en\/wp-json\/wp\/v2\/users\/1"}],"replies":[{"embeddable":true,"href":"https:\/\/dinkrop.dk\/en\/wp-json\/wp\/v2\/comments?post=35"}],"version-history":[{"count":7,"href":"https:\/\/dinkrop.dk\/en\/wp-json\/wp\/v2\/pages\/35\/revisions"}],"predecessor-version":[{"id":4205,"href":"https:\/\/dinkrop.dk\/en\/wp-json\/wp\/v2\/pages\/35\/revisions\/4205"}],"wp:attachment":[{"href":"https:\/\/dinkrop.dk\/en\/wp-json\/wp\/v2\/media?parent=35"}],"curies":[{"name":"wp","href":"https:\/\/api.w.org\/{rel}","templated":true}]}}